{"id":1079,"date":"2025-04-17T10:54:32","date_gmt":"2025-04-17T10:54:32","guid":{"rendered":"https:\/\/stockholmwithbaran.se\/se\/?page_id=1079"},"modified":"2025-05-07T15:09:41","modified_gmt":"2025-05-07T13:09:41","slug":"om-mig","status":"publish","type":"page","link":"https:\/\/stockholmwithbaran.se\/se\/om-mig\/","title":{"rendered":"Om mig"},"content":{"rendered":"\t\t<div data-elementor-type=\"wp-page\" data-elementor-id=\"1079\" class=\"elementor elementor-1079\" data-elementor-post-type=\"page\">\n\t\t\t\t<div class=\"elementor-element elementor-element-209cce4 e-flex e-con-boxed e-con e-parent\" data-id=\"209cce4\" data-element_type=\"container\">\n\t\t\t\t\t<div class=\"e-con-inner\">\n\t\t<div class=\"elementor-element elementor-element-1609db3 e-con-full e-flex e-con e-child\" data-id=\"1609db3\" data-element_type=\"container\">\n\t\t\t\t<div class=\"elementor-element elementor-element-f29cade elementor-widget elementor-widget-heading\" data-id=\"f29cade\" data-element_type=\"widget\" data-widget_type=\"heading.default\">\n\t\t\t\t<div class=\"elementor-widget-container\">\n\t\t\t\t\t<span class=\"elementor-heading-title elementor-size-default\">Baran Zeydanlioglu<\/span>\t\t\t\t<\/div>\n\t\t\t\t<\/div>\n\t\t\t\t<div class=\"elementor-element elementor-element-4096624 elementor-widget elementor-widget-heading\" data-id=\"4096624\" data-element_type=\"widget\" data-widget_type=\"heading.default\">\n\t\t\t\t<div class=\"elementor-widget-container\">\n\t\t\t\t\t<h1 class=\"elementor-heading-title elementor-size-default\">Om mig<\/h1>\t\t\t\t<\/div>\n\t\t\t\t<\/div>\n\t\t\t\t<div class=\"elementor-element elementor-element-a21dd82 elementor-widget__width-initial elementor-widget elementor-widget-text-editor\" data-id=\"a21dd82\" data-element_type=\"widget\" data-widget_type=\"text-editor.default\">\n\t\t\t\t<div class=\"elementor-widget-container\">\n\t\t\t\t\t\t\t\t\t<p>Jag \u00e4r en passionerad historiker och auktoriserad turistguide i Stockholm. Efter att ha bott i denna stad i flera decennier och studerat dess historia, har jag utvecklat en intim kunskap om dess rika f\u00f6rflutna, pulserande kultur och dolda p\u00e4rlor.<\/p>\t\t\t\t\t\t\t\t<\/div>\n\t\t\t\t<\/div>\n\t\t\t\t<div class=\"elementor-element elementor-element-a7f2042 elementor-align-left elementor-mobile-align-left elementor-icon-list--layout-traditional elementor-list-item-link-full_width elementor-widget elementor-widget-icon-list\" data-id=\"a7f2042\" data-element_type=\"widget\" data-widget_type=\"icon-list.default\">\n\t\t\t\t<div class=\"elementor-widget-container\">\n\t\t\t\t\t\t\t<ul class=\"elementor-icon-list-items\">\n\t\t\t\t\t\t\t<li class=\"elementor-icon-list-item\">\n\t\t\t\t\t\t\t\t\t\t\t<span class=\"elementor-icon-list-icon\">\n\t\t\t\t\t\t\t<svg xmlns=\"http:\/\/www.w3.org\/2000\/svg\" viewBox=\"0 0 128 128\" width=\"128px\" height=\"128px\"><path d=\"M 30 1 C 22.8 1 17 6.8 17 14 L 17 25 C 17 26.7 18.3 28 20 28 C 21.7 28 23 26.7 23 25 L 23 14 C 23 10.1 26.1 7 30 7 L 103 7 C 101.7 9 101 11.4 101 14 L 101 104 C 101 107.9 97.9 111 94 111 C 90.1 111 87 107.9 87 104 L 87 94 C 87 92.3 85.7 91 84 91 L 69 91 C 67.3 91 66 92.3 66 94 C 66 95.7 67.3 97 69 97 L 81 97 L 81 104 C 81 106.6 81.8 109 83 111 L 66 111 C 64.3 111 63 112.3 63 114 C 63 115.7 64.3 117 66 117 L 94 117 C 101.2 117 107 111.2 107 104 L 107 14 C 107 10.1 110.1 7 114 7 C 117.9 7 121 10.1 121 14 L 121 21 L 114 21 C 112.3 21 111 22.3 111 24 C 111 25.7 112.3 27 114 27 L 124 27 C 125.7 27 127 25.7 127 24 L 127 14 C 127 6.8 121.2 1 114 1 L 30 1 z M 33.400391 35.017578 C 32.803909 35.029108 32.202734 35.055859 31.599609 35.099609 C 15.499609 36.199609 2.3996094 49.099219 1.0996094 65.199219 C 0.19960937 75.999219 4.6 85.899609 12 92.599609 C 17.8 97.799609 25.500391 101 33.900391 101 C 35.500391 101 36.9 102.20078 37 103.80078 C 37.1 105.50078 35.7 107 34 107 C 27.6 107 21.600781 105.50078 16.300781 102.80078 C 14.300781 101.80078 12 103.3 12 105.5 L 12 124 C 12 126.4 14.599609 127.8 16.599609 126.5 L 34 115.5 L 51.400391 126.5 C 53.400391 127.8 56 126.3 56 124 L 56 92.599609 C 62.7 86.599609 67 77.8 67 68 C 67 49.59375 51.891312 34.660162 33.400391 35.017578 z M 34 41 C 48.9 41 61 53.1 61 68 C 61 82.9 48.9 95 34 95 C 19.1 95 7 82.9 7 68 C 7 53.1 19.1 41 34 41 z\"><\/path><\/svg>\t\t\t\t\t\t<\/span>\n\t\t\t\t\t\t\t\t\t\t<span class=\"elementor-icon-list-text\">Auktoriserad Stockholm Turist Guide<\/span>\n\t\t\t\t\t\t\t\t\t<\/li>\n\t\t\t\t\t\t\t\t<li class=\"elementor-icon-list-item\">\n\t\t\t\t\t\t\t\t\t\t\t<span class=\"elementor-icon-list-icon\">\n\t\t\t\t\t\t\t<svg xmlns=\"http:\/\/www.w3.org\/2000\/svg\" viewBox=\"0 0 128 128\" width=\"128px\" height=\"128px\"><path d=\"M 30 1 C 22.8 1 17 6.8 17 14 L 17 25 C 17 26.7 18.3 28 20 28 C 21.7 28 23 26.7 23 25 L 23 14 C 23 10.1 26.1 7 30 7 L 103 7 C 101.7 9 101 11.4 101 14 L 101 104 C 101 107.9 97.9 111 94 111 C 90.1 111 87 107.9 87 104 L 87 94 C 87 92.3 85.7 91 84 91 L 69 91 C 67.3 91 66 92.3 66 94 C 66 95.7 67.3 97 69 97 L 81 97 L 81 104 C 81 106.6 81.8 109 83 111 L 66 111 C 64.3 111 63 112.3 63 114 C 63 115.7 64.3 117 66 117 L 94 117 C 101.2 117 107 111.2 107 104 L 107 14 C 107 10.1 110.1 7 114 7 C 117.9 7 121 10.1 121 14 L 121 21 L 114 21 C 112.3 21 111 22.3 111 24 C 111 25.7 112.3 27 114 27 L 124 27 C 125.7 27 127 25.7 127 24 L 127 14 C 127 6.8 121.2 1 114 1 L 30 1 z M 33.400391 35.017578 C 32.803909 35.029108 32.202734 35.055859 31.599609 35.099609 C 15.499609 36.199609 2.3996094 49.099219 1.0996094 65.199219 C 0.19960937 75.999219 4.6 85.899609 12 92.599609 C 17.8 97.799609 25.500391 101 33.900391 101 C 35.500391 101 36.9 102.20078 37 103.80078 C 37.1 105.50078 35.7 107 34 107 C 27.6 107 21.600781 105.50078 16.300781 102.80078 C 14.300781 101.80078 12 103.3 12 105.5 L 12 124 C 12 126.4 14.599609 127.8 16.599609 126.5 L 34 115.5 L 51.400391 126.5 C 53.400391 127.8 56 126.3 56 124 L 56 92.599609 C 62.7 86.599609 67 77.8 67 68 C 67 49.59375 51.891312 34.660162 33.400391 35.017578 z M 34 41 C 48.9 41 61 53.1 61 68 C 61 82.9 48.9 95 34 95 C 19.1 95 7 82.9 7 68 C 7 53.1 19.1 41 34 41 z\"><\/path><\/svg>\t\t\t\t\t\t<\/span>\n\t\t\t\t\t\t\t\t\t\t<span class=\"elementor-icon-list-text\">Auktoriserad Stockholm Stadshuset Guide<\/span>\n\t\t\t\t\t\t\t\t\t<\/li>\n\t\t\t\t\t\t\t\t<li class=\"elementor-icon-list-item\">\n\t\t\t\t\t\t\t\t\t\t\t<span class=\"elementor-icon-list-icon\">\n\t\t\t\t\t\t\t<svg xmlns=\"http:\/\/www.w3.org\/2000\/svg\" viewBox=\"0 0 128 128\" width=\"128px\" height=\"128px\"><path d=\"M 44 1 C 20.3 1 1 20.3 1 44 C 1 54.4 4.7007812 64.2 11.300781 72 L 1.8007812 81.900391 C 1.0007813 82.800391 0.69921875 84.099219 1.1992188 85.199219 C 1.6992188 86.299219 2.8 87 4 87 L 32 87 C 33.7 87 35 85.7 35 84 C 35 82.3 33.7 81 32 81 L 11.099609 81 L 17.599609 74.199219 C 18.799609 72.999219 18.699609 71.2 17.599609 70 C 10.799609 63 7 53.8 7 44 C 7 23.6 23.6 7 44 7 C 60.3 7 74.399219 17.400391 79.199219 32.900391 C 79.699219 34.500391 81.4 35.400391 83 34.900391 C 84.6 34.400391 85.5 32.699609 85 31.099609 C 79.4 13.099609 62.9 1 44 1 z M 84 41 C 60.3 41 41 60.3 41 84 C 41 107.7 60.3 127 84 127 L 124 127 C 125.2 127 126.29922 126.29922 126.69922 125.19922 C 127.19922 123.99922 126.89961 122.80039 126.09961 121.90039 L 116.59961 112 C 123.29961 104.2 127 94.4 127 84 C 127 60.3 107.7 41 84 41 z M 84 47 C 104.4 47 121.00039 63.6 120.90039 84 C 120.90039 93.8 117.20078 103 110.30078 110 C 109.20078 111.2 109.20078 112.99922 110.30078 114.19922 L 116.90039 121 L 84 121 C 63.6 121 47 104.4 47 84 C 47 63.6 63.6 47 84 47 z M 69 74 C 67.3 74 66 75.3 66 77 C 66 78.7 67.3 80 69 80 L 99 80 C 100.7 80 102 78.7 102 77 C 102 75.3 100.7 74 99 74 L 69 74 z M 69 89 C 67.3 89 66 90.3 66 92 C 66 93.7 67.3 95 69 95 L 79 95 C 80.7 95 82 93.7 82 92 C 82 90.3 80.7 89 79 89 L 69 89 z M 95 89 C 93.3 89 92 90.3 92 92 C 92 93.7 93.3 95 95 95 L 99 95 C 100.7 95 102 93.7 102 92 C 102 90.3 100.7 89 99 89 L 95 89 z\"><\/path><\/svg>\t\t\t\t\t\t<\/span>\n\t\t\t\t\t\t\t\t\t\t<span class=\"elementor-icon-list-text\">Engelska, turkiska, svenska<\/span>\n\t\t\t\t\t\t\t\t\t<\/li>\n\t\t\t\t\t\t<\/ul>\n\t\t\t\t\t\t<\/div>\n\t\t\t\t<\/div>\n\t\t\t\t<\/div>\n\t\t<div class=\"elementor-element elementor-element-22338c2 e-con-full e-flex e-con e-child\" data-id=\"22338c2\" data-element_type=\"container\">\n\t\t\t\t<div class=\"elementor-element elementor-element-72385bf elementor-widget elementor-widget-image\" data-id=\"72385bf\" data-element_type=\"widget\" data-widget_type=\"image.default\">\n\t\t\t\t<div class=\"elementor-widget-container\">\n\t\t\t\t\t\t\t\t\t\t\t\t\t\t\t<img fetchpriority=\"high\" decoding=\"async\" width=\"950\" height=\"615\" src=\"https:\/\/stockholmwithbaran.se\/se\/wp-content\/uploads\/sites\/2\/2025\/04\/baran-04.webp\" class=\"attachment-full size-full wp-image-1084\" alt=\"\" srcset=\"https:\/\/stockholmwithbaran.se\/se\/wp-content\/uploads\/sites\/2\/2025\/04\/baran-04.webp 950w, https:\/\/stockholmwithbaran.se\/se\/wp-content\/uploads\/sites\/2\/2025\/04\/baran-04-300x194.webp 300w, https:\/\/stockholmwithbaran.se\/se\/wp-content\/uploads\/sites\/2\/2025\/04\/baran-04-768x497.webp 768w\" sizes=\"(max-width: 950px) 100vw, 950px\" \/>\t\t\t\t\t\t\t\t\t\t\t\t\t\t\t<\/div>\n\t\t\t\t<\/div>\n\t\t\t\t<\/div>\n\t\t\t\t\t<\/div>\n\t\t\t\t<\/div>\n\t\t<div class=\"elementor-element elementor-element-c628fa6 e-flex e-con-boxed e-con e-parent\" data-id=\"c628fa6\" data-element_type=\"container\">\n\t\t\t\t\t<div class=\"e-con-inner\">\n\t\t<div class=\"elementor-element elementor-element-0361ced e-con-full e-flex e-con e-child\" data-id=\"0361ced\" data-element_type=\"container\">\n\t\t\t\t<div class=\"elementor-element elementor-element-b4a526e elementor-widget elementor-widget-image\" data-id=\"b4a526e\" data-element_type=\"widget\" data-widget_type=\"image.default\">\n\t\t\t\t<div class=\"elementor-widget-container\">\n\t\t\t\t\t\t\t\t\t\t\t\t\t\t\t<img decoding=\"async\" width=\"950\" height=\"950\" src=\"https:\/\/stockholmwithbaran.se\/se\/wp-content\/uploads\/sites\/2\/2025\/05\/stockholm-collage.webp\" class=\"attachment-full size-full wp-image-2129\" alt=\"\" srcset=\"https:\/\/stockholmwithbaran.se\/se\/wp-content\/uploads\/sites\/2\/2025\/05\/stockholm-collage.webp 950w, https:\/\/stockholmwithbaran.se\/se\/wp-content\/uploads\/sites\/2\/2025\/05\/stockholm-collage-300x300.webp 300w, https:\/\/stockholmwithbaran.se\/se\/wp-content\/uploads\/sites\/2\/2025\/05\/stockholm-collage-150x150.webp 150w, https:\/\/stockholmwithbaran.se\/se\/wp-content\/uploads\/sites\/2\/2025\/05\/stockholm-collage-768x768.webp 768w\" sizes=\"(max-width: 950px) 100vw, 950px\" \/>\t\t\t\t\t\t\t\t\t\t\t\t\t\t\t<\/div>\n\t\t\t\t<\/div>\n\t\t\t\t<\/div>\n\t\t<div class=\"elementor-element elementor-element-ade08d7 e-con-full e-flex e-con e-child\" data-id=\"ade08d7\" data-element_type=\"container\">\n\t\t\t\t<div class=\"elementor-element elementor-element-c8aa9b6 elementor-widget elementor-widget-text-editor\" data-id=\"c8aa9b6\" data-element_type=\"widget\" data-widget_type=\"text-editor.default\">\n\t\t\t\t<div class=\"elementor-widget-container\">\n\t\t\t\t\t\t\t\t\t<p>Som certifierad expert inom turism tillhandah\u00e5ller jag exceptionella och personliga guidningstj\u00e4nster, vilket s\u00e4kerst\u00e4ller att alla bes\u00f6kare upplever Stockholm p\u00e5 ett s\u00e5 engagerande och insiktsfullt s\u00e4tt som m\u00f6jligt.<\/p><p>Jag har studerat Travel and Tourism Management i Storbritannien och skaffat mig l\u00e5ng erfarenhet genom att arbeta inom turistsektorn i olika l\u00e4nder. Jag har varit i 40 l\u00e4nder. Denna internationella exponering har utrustat mig med en djup f\u00f6rst\u00e5else f\u00f6r resen\u00e4rers behov, vilket g\u00f6r att jag kan skr\u00e4ddarsy mina turer f\u00f6r att erbjuda en unik och berikande upplevelse f\u00f6r varje g\u00e4st. Min noggranna k\u00e4nsla f\u00f6r detaljer och omh\u00e4ndertagande ser till att bes\u00f6karna k\u00e4nner sig b\u00e5de v\u00e4lkomna och v\u00e4l omh\u00e4ndertagna under sin utforskning av Stockholm.<\/p><p>Ut\u00f6ver min expertis som professionell turistguide \u00e4r jag ocks\u00e5 en engagerad historieforskare och f\u00f6rfattare. Mitt vetenskapliga arbete har resulterat i publiceringen av flera historieb\u00f6cker i, vilket speglar mina djupa analytiska insikter och passion f\u00f6r historiska ber\u00e4ttelser.<\/p><p>F\u00f6r den som s\u00f6ker en guidad tur som \u00e4r b\u00e5de informativ och minnesv\u00e4rd, min omfattande kunskap och g\u00e4stv\u00e4nliga natur g\u00f6r mig till den perfekta f\u00f6ljeslagaren f\u00f6r att uppt\u00e4cka Stockholms charm. Oavsett om jag promenerar genom de medeltida gatorna i Gamla Stan, utforskar kungliga palats eller uppt\u00e4cker mindre k\u00e4nda historiska platser, f\u00f6rvandlar mitt engagerande ber\u00e4ttande och sakkunnig v\u00e4gledning varje tur till en of\u00f6rgl\u00f6mlig upplevelse.<\/p>\t\t\t\t\t\t\t\t<\/div>\n\t\t\t\t<\/div>\n\t\t\t\t<div class=\"elementor-element elementor-element-02b01e2 elementor-widget__width-initial elementor-widget elementor-widget-text-editor\" data-id=\"02b01e2\" data-element_type=\"widget\" data-widget_type=\"text-editor.default\">\n\t\t\t\t<div class=\"elementor-widget-container\">\n\t\t\t\t\t\t\t\t\t<p>V\u00e4lkommen till Stockholm! L\u00e5t mig ta dig med p\u00e5 en resa genom dess fascinerande f\u00f6rflutna och levande nutid.<\/p>\t\t\t\t\t\t\t\t<\/div>\n\t\t\t\t<\/div>\n\t\t\t\t<\/div>\n\t\t\t\t\t<\/div>\n\t\t\t\t<\/div>\n\t\t\t\t<\/div>\n\t\t","protected":false},"excerpt":{"rendered":"<p>Baran Zeydanlioglu Om mig Jag \u00e4r en passionerad historiker och auktoriserad turistguide i Stockholm. Efter att ha bott i denna stad i flera decennier och studerat dess historia, har jag utvecklat en intim kunskap om dess rika f\u00f6rflutna, pulserande kultur och dolda p\u00e4rlor. Auktoriserad Stockholm Turist Guide Auktoriserad Stockholm Stadshuset Guide Engelska, turkiska, svenska Som [&hellip;]<\/p>\n","protected":false},"author":2,"featured_media":0,"parent":0,"menu_order":0,"comment_status":"closed","ping_status":"closed","template":"","meta":{"footnotes":""},"class_list":["post-1079","page","type-page","status-publish","hentry"],"_links":{"self":[{"href":"https:\/\/stockholmwithbaran.se\/se\/wp-json\/wp\/v2\/pages\/1079","targetHints":{"allow":["GET"]}}],"collection":[{"href":"https:\/\/stockholmwithbaran.se\/se\/wp-json\/wp\/v2\/pages"}],"about":[{"href":"https:\/\/stockholmwithbaran.se\/se\/wp-json\/wp\/v2\/types\/page"}],"author":[{"embeddable":true,"href":"https:\/\/stockholmwithbaran.se\/se\/wp-json\/wp\/v2\/users\/2"}],"replies":[{"embeddable":true,"href":"https:\/\/stockholmwithbaran.se\/se\/wp-json\/wp\/v2\/comments?post=1079"}],"version-history":[{"count":62,"href":"https:\/\/stockholmwithbaran.se\/se\/wp-json\/wp\/v2\/pages\/1079\/revisions"}],"predecessor-version":[{"id":2132,"href":"https:\/\/stockholmwithbaran.se\/se\/wp-json\/wp\/v2\/pages\/1079\/revisions\/2132"}],"wp:attachment":[{"href":"https:\/\/stockholmwithbaran.se\/se\/wp-json\/wp\/v2\/media?parent=1079"}],"curies":[{"name":"wp","href":"https:\/\/api.w.org\/{rel}","templated":true}]}}